{"id":85744,"date":"2022-05-12T15:59:21","date_gmt":"2022-05-12T18:59:21","guid":{"rendered":"https:\/\/habitaresa.com.br\/empreendimentos\/soumais\/?page_id=85744"},"modified":"2022-05-17T13:44:17","modified_gmt":"2022-05-17T16:44:17","slug":"oh-burger","status":"publish","type":"page","link":"https:\/\/habitaresa.com.br\/empreendimentos\/soumais\/oh-burger\/","title":{"rendered":"Oh! Burger"},"content":{"rendered":"<p>[vc_row row_height_percent=&#8221;90&#8243; back_image=&#8221;85524&#8243; overlay_color=&#8221;color-e28000&#8243; overlay_alpha=&#8221;90&#8243; gutter_size=&#8221;3&#8243; column_width_percent=&#8221;100&#8243; shift_y=&#8221;0&#8243; z_index=&#8221;0&#8243; uncode_shortcode_id=&#8221;151395&#8243; overlay_color_type=&#8221;uncode-palette&#8221;][vc_column column_width_percent=&#8221;100&#8243; position_vertical=&#8221;middle&#8221; align_horizontal=&#8221;align_center&#8221; gutter_size=&#8221;3&#8243; style=&#8221;dark&#8221; overlay_alpha=&#8221;50&#8243; shift_x=&#8221;0&#8243; shift_y=&#8221;0&#8243; shift_y_down=&#8221;0&#8243; z_index=&#8221;0&#8243; medium_width=&#8221;0&#8243; mobile_width=&#8221;0&#8243; width=&#8221;1\/1&#8243;][vc_empty_space empty_h=&#8221;2&#8243; medium_visibility=&#8221;yes&#8221; mobile_visibility=&#8221;yes&#8221;][vc_row_inner row_inner_height_percent=&#8221;0&#8243; overlay_alpha=&#8221;50&#8243; gutter_size=&#8221;3&#8243; shift_y=&#8221;0&#8243; z_index=&#8221;0&#8243; medium_visibility=&#8221;yes&#8221; mobile_visibility=&#8221;yes&#8221; uncode_shortcode_id=&#8221;819116&#8243;][vc_column_inner width=&#8221;1\/4&#8243;][\/vc_column_inner][vc_column_inner column_width_percent=&#8221;100&#8243; position_vertical=&#8221;middle&#8221; align_horizontal=&#8221;align_center&#8221; gutter_size=&#8221;3&#8243; overlay_alpha=&#8221;50&#8243; shift_x=&#8221;0&#8243; shift_y=&#8221;0&#8243; shift_y_down=&#8221;0&#8243; z_index=&#8221;0&#8243; medium_width=&#8221;0&#8243; mobile_width=&#8221;0&#8243; width=&#8221;1\/4&#8243; uncode_shortcode_id=&#8221;254102&#8243;][vc_single_image media=&#8221;85768&#8243; media_width_percent=&#8221;100&#8243; alignment=&#8221;center&#8221; uncode_shortcode_id=&#8221;523893&#8243;][\/vc_column_inner][vc_column_inner column_width_percent=&#8221;100&#8243; position_vertical=&#8221;middle&#8221; align_horizontal=&#8221;align_center&#8221; gutter_size=&#8221;3&#8243; overlay_alpha=&#8221;50&#8243; shift_x=&#8221;0&#8243; shift_y=&#8221;0&#8243; shift_y_down=&#8221;0&#8243; z_index=&#8221;0&#8243; medium_width=&#8221;0&#8243; mobile_width=&#8221;0&#8243; width=&#8221;1\/4&#8243; uncode_shortcode_id=&#8221;171485&#8243;][vc_single_image media=&#8221;85318&#8243; media_width_percent=&#8221;100&#8243; alignment=&#8221;center&#8221; uncode_shortcode_id=&#8221;253907&#8243;][\/vc_column_inner][vc_column_inner width=&#8221;1\/4&#8243;][\/vc_column_inner][\/vc_row_inner][vc_row_inner row_inner_height_percent=&#8221;0&#8243; overlay_alpha=&#8221;50&#8243; gutter_size=&#8221;3&#8243; shift_y=&#8221;0&#8243; z_index=&#8221;0&#8243; desktop_visibility=&#8221;yes&#8221; uncode_shortcode_id=&#8221;155323&#8243;][vc_column_inner column_width_percent=&#8221;100&#8243; gutter_size=&#8221;1&#8243; overlay_alpha=&#8221;50&#8243; shift_x=&#8221;0&#8243; shift_y=&#8221;0&#8243; shift_y_down=&#8221;0&#8243; z_index=&#8221;0&#8243; medium_width=&#8221;0&#8243; mobile_width=&#8221;0&#8243; width=&#8221;1\/1&#8243; uncode_shortcode_id=&#8221;159997&#8243;][vc_single_image media=&#8221;85768&#8243; media_width_use_pixel=&#8221;yes&#8221; alignment=&#8221;center&#8221; uncode_shortcode_id=&#8221;665203&#8243; media_width_pixel=&#8221;180&#8243;][vc_single_image media=&#8221;85318&#8243; media_width_use_pixel=&#8221;yes&#8221; alignment=&#8221;center&#8221; uncode_shortcode_id=&#8221;277171&#8243; media_width_pixel=&#8221;180&#8243;][\/vc_column_inner][\/vc_row_inner][vc_empty_space empty_h=&#8221;2&#8243; medium_visibility=&#8221;yes&#8221; mobile_visibility=&#8221;yes&#8221;][vc_row_inner][vc_column_inner column_width_percent=&#8221;100&#8243; gutter_size=&#8221;3&#8243; overlay_alpha=&#8221;50&#8243; shift_x=&#8221;0&#8243; shift_y=&#8221;0&#8243; shift_y_down=&#8221;0&#8243; z_index=&#8221;0&#8243; medium_visibility=&#8221;yes&#8221; medium_width=&#8221;0&#8243; mobile_visibility=&#8221;yes&#8221; mobile_width=&#8221;0&#8243; width=&#8221;1\/6&#8243; uncode_shortcode_id=&#8221;524003&#8243;][\/vc_column_inner][vc_column_inner column_width_percent=&#8221;100&#8243; align_horizontal=&#8221;align_center&#8221; gutter_size=&#8221;3&#8243; style=&#8221;dark&#8221; font_family=&#8221;font-206750&#8243; overlay_alpha=&#8221;50&#8243; shift_x=&#8221;0&#8243; shift_y=&#8221;0&#8243; shift_y_down=&#8221;0&#8243; z_index=&#8221;0&#8243; medium_width=&#8221;0&#8243; mobile_width=&#8221;0&#8243; width=&#8221;4\/6&#8243; uncode_shortcode_id=&#8221;188762&#8243;][vc_custom_heading text_font=&#8221;font-206750&#8243; text_size=&#8221;fontsize-155944&#8243; text_weight=&#8221;400&#8243; sub_reduced=&#8221;yes&#8221; uncode_shortcode_id=&#8221;854755&#8243;]<\/p>\n<h3 style=\"text-align: center;\">N\u00f3s do Sou+ nos juntamos com a <strong>Oh!Burguer<\/strong> e criamos <strong>3 sabores<\/strong> que representam o nosso empreendimento, mas cabe a voc\u00ea decidir qual \u00e9 a cara do Sou+!<\/h3>\n<p>[\/vc_custom_heading][vc_custom_heading text_font=&#8221;font-206750&#8243; text_size=&#8221;fontsize-155944&#8243; text_weight=&#8221;400&#8243; separator=&#8221;yes&#8221; sub_reduced=&#8221;yes&#8221; uncode_shortcode_id=&#8221;329676&#8243;]<\/p>\n<h4 style=\"text-align: center;\">O sabor campe\u00e3o ficar\u00e1 dispon\u00edvel para venda na Oh!Burguer a partir do dia 28 de maio at\u00e9 o final de junho. Est\u00e3o preparados para viver uma nova experi\u00eancia?<\/h4>\n<p>[\/vc_custom_heading][vc_empty_space empty_h=&#8221;2&#8243; medium_visibility=&#8221;yes&#8221; mobile_visibility=&#8221;yes&#8221;][\/vc_column_inner][vc_column_inner width=&#8221;1\/6&#8243;][\/vc_column_inner][\/vc_row_inner][vc_row_inner][vc_column_inner column_width_percent=&#8221;100&#8243; align_horizontal=&#8221;align_center&#8221; gutter_size=&#8221;3&#8243; style=&#8221;dark&#8221; overlay_alpha=&#8221;50&#8243; shift_x=&#8221;0&#8243; shift_y=&#8221;0&#8243; shift_y_down=&#8221;0&#8243; z_index=&#8221;0&#8243; medium_width=&#8221;0&#8243; mobile_width=&#8221;0&#8243; width=&#8221;1\/1&#8243; uncode_shortcode_id=&#8221;201317&#8243;][vc_custom_heading heading_semantic=&#8221;h3&#8243; text_font=&#8221;font-206750&#8243; text_size=&#8221;h5&#8243; text_weight=&#8221;600&#8243; text_transform=&#8221;uppercase&#8221; text_height=&#8221;fontheight-357766&#8243; text_space=&#8221;fontspace-210350&#8243; uncode_shortcode_id=&#8221;202498&#8243;]<\/p>\n<blockquote><p>Vote. Participe!<\/p><\/blockquote>\n<p>[\/vc_custom_heading][vc_empty_space empty_h=&#8221;2&#8243; medium_visibility=&#8221;yes&#8221; mobile_visibility=&#8221;yes&#8221;][\/vc_column_inner][\/vc_row_inner][vc_row_inner row_inner_height_percent=&#8221;0&#8243; overlay_alpha=&#8221;50&#8243; gutter_size=&#8221;4&#8243; shift_y=&#8221;0&#8243; z_index=&#8221;0&#8243; uncode_shortcode_id=&#8221;571433&#8243;][vc_column_inner width=&#8221;1\/3&#8243;][vc_single_image media=&#8221;85777&#8243; media_width_percent=&#8221;100&#8243; alignment=&#8221;center&#8221; shape=&#8221;img-circle&#8221; border=&#8221;yes&#8221; shadow=&#8221;yes&#8221; shadow_weight=&#8221;std&#8221; uncode_shortcode_id=&#8221;104763&#8243;]\n<div class=\"wpcf7 no-js\" id=\"wpcf7-f85806-o1\" lang=\"pt-BR\" dir=\"ltr\" data-wpcf7-id=\"85806\">\n<div class=\"screen-reader-response\"><p role=\"status\" aria-live=\"polite\" aria-atomic=\"true\"><\/p> <ul><\/ul><\/div>\n<form action=\"\/empreendimentos\/soumais\/wp-json\/wp\/v2\/pages\/85744#wpcf7-f85806-o1\" method=\"post\" class=\"wpcf7-form init\" aria-label=\"Formul\u00e1rios de contato\" novalidate=\"novalidate\" data-status=\"init\">\n<fieldset class=\"hidden-fields-container\"><input type=\"hidden\" name=\"_wpcf7\" value=\"85806\" \/><input type=\"hidden\" name=\"_wpcf7_version\" value=\"6.1.5\" \/><input type=\"hidden\" name=\"_wpcf7_locale\" value=\"pt_BR\" \/><input type=\"hidden\" name=\"_wpcf7_unit_tag\" value=\"wpcf7-f85806-o1\" \/><input type=\"hidden\" name=\"_wpcf7_container_post\" value=\"0\" \/><input type=\"hidden\" name=\"_wpcf7_posted_data_hash\" value=\"\" \/><input type=\"hidden\" name=\"_wpcf7_recaptcha_response\" value=\"\" \/>\n<\/fieldset>\n<input class=\"wpcf7-form-control wpcf7-hidden\" value=\"Sou+ Niter\u00f3i\" type=\"hidden\" name=\"sua-escolha\" \/>\n<p><input class=\"wpcf7-form-control wpcf7-submit has-spinner custom-link btn btn-xl border-width-2 btn-color-xsdn btn-circle btn-outline btn-block btn-icon-left\" type=\"submit\" value=\"Sou+ Niter\u00f3i\" \/>\n<\/p><div class=\"wpcf7-response-output\" aria-hidden=\"true\"><\/div>\n<\/form>\n<\/div>\n[vc_custom_heading text_color=&#8221;color-xsdn&#8221; heading_semantic=&#8221;div&#8221; text_size=&#8221;h4&#8243; text_weight=&#8221;200&#8243; uncode_shortcode_id=&#8221;171627&#8243; text_color_type=&#8221;uncode-palette&#8221;]<mark>O verdadeiro surf\u2019n\u2019turf, que une o amor que a gente tem por Niter\u00f3i e \u00e9 claro, pela Praia!<\/mark>[\/vc_custom_heading][\/vc_column_inner][vc_column_inner width=&#8221;1\/3&#8243;][vc_single_image media=&#8221;85776&#8243; media_width_percent=&#8221;100&#8243; alignment=&#8221;center&#8221; shape=&#8221;img-circle&#8221; border=&#8221;yes&#8221; shadow=&#8221;yes&#8221; shadow_weight=&#8221;std&#8221; uncode_shortcode_id=&#8221;209177&#8243;]\n<div class=\"wpcf7 no-js\" id=\"wpcf7-f85810-o2\" lang=\"pt-BR\" dir=\"ltr\" data-wpcf7-id=\"85810\">\n<div class=\"screen-reader-response\"><p role=\"status\" aria-live=\"polite\" aria-atomic=\"true\"><\/p> <ul><\/ul><\/div>\n<form action=\"\/empreendimentos\/soumais\/wp-json\/wp\/v2\/pages\/85744#wpcf7-f85810-o2\" method=\"post\" class=\"wpcf7-form init\" aria-label=\"Formul\u00e1rios de contato\" novalidate=\"novalidate\" data-status=\"init\">\n<fieldset class=\"hidden-fields-container\"><input type=\"hidden\" name=\"_wpcf7\" value=\"85810\" \/><input type=\"hidden\" name=\"_wpcf7_version\" value=\"6.1.5\" \/><input type=\"hidden\" name=\"_wpcf7_locale\" value=\"pt_BR\" \/><input type=\"hidden\" name=\"_wpcf7_unit_tag\" value=\"wpcf7-f85810-o2\" \/><input type=\"hidden\" name=\"_wpcf7_container_post\" value=\"0\" \/><input type=\"hidden\" name=\"_wpcf7_posted_data_hash\" value=\"\" \/><input type=\"hidden\" name=\"_wpcf7_recaptcha_response\" value=\"\" \/>\n<\/fieldset>\n<input class=\"wpcf7-form-control wpcf7-hidden\" value=\"Sou+ Balada\" type=\"hidden\" name=\"sua-escolha\" \/>\n<p><input class=\"wpcf7-form-control wpcf7-submit has-spinner custom-link btn btn-xl border-width-2 btn-color-xsdn btn-circle btn-outline btn-block btn-icon-left\" type=\"submit\" value=\"Sou+ Balada\" \/>\n<\/p><div class=\"wpcf7-response-output\" aria-hidden=\"true\"><\/div>\n<\/form>\n<\/div>\n[vc_custom_heading text_color=&#8221;color-xsdn&#8221; heading_semantic=&#8221;div&#8221; text_size=&#8221;h4&#8243; text_weight=&#8221;200&#8243; uncode_shortcode_id=&#8221;709813&#8243; text_color_type=&#8221;uncode-palette&#8221;]<mark>Todo o calor de sair \u00e0 noite e viver as melhores experi\u00eancias.<\/mark>[\/vc_custom_heading][\/vc_column_inner][vc_column_inner width=&#8221;1\/3&#8243;][vc_single_image media=&#8221;85775&#8243; media_width_percent=&#8221;100&#8243; alignment=&#8221;center&#8221; shape=&#8221;img-circle&#8221; border=&#8221;yes&#8221; shadow=&#8221;yes&#8221; shadow_weight=&#8221;std&#8221; uncode_shortcode_id=&#8221;715517&#8243;]\n<div class=\"wpcf7 no-js\" id=\"wpcf7-f85811-o3\" lang=\"pt-BR\" dir=\"ltr\" data-wpcf7-id=\"85811\">\n<div class=\"screen-reader-response\"><p role=\"status\" aria-live=\"polite\" aria-atomic=\"true\"><\/p> <ul><\/ul><\/div>\n<form action=\"\/empreendimentos\/soumais\/wp-json\/wp\/v2\/pages\/85744#wpcf7-f85811-o3\" method=\"post\" class=\"wpcf7-form init\" aria-label=\"Formul\u00e1rios de contato\" novalidate=\"novalidate\" data-status=\"init\">\n<fieldset class=\"hidden-fields-container\"><input type=\"hidden\" name=\"_wpcf7\" value=\"85811\" \/><input type=\"hidden\" name=\"_wpcf7_version\" value=\"6.1.5\" \/><input type=\"hidden\" name=\"_wpcf7_locale\" value=\"pt_BR\" \/><input type=\"hidden\" name=\"_wpcf7_unit_tag\" value=\"wpcf7-f85811-o3\" \/><input type=\"hidden\" name=\"_wpcf7_container_post\" value=\"0\" \/><input type=\"hidden\" name=\"_wpcf7_posted_data_hash\" value=\"\" \/><input type=\"hidden\" name=\"_wpcf7_recaptcha_response\" value=\"\" \/>\n<\/fieldset>\n<input class=\"wpcf7-form-control wpcf7-hidden\" value=\"Sou+ Encontros\" type=\"hidden\" name=\"sua-escolha\" \/>\n<p><input class=\"wpcf7-form-control wpcf7-submit has-spinner custom-link btn btn-xl border-width-2 btn-color-xsdn btn-circle btn-outline btn-block btn-icon-left\" type=\"submit\" value=\"Sou+ Encontros\" \/>\n<\/p><div class=\"wpcf7-response-output\" aria-hidden=\"true\"><\/div>\n<\/form>\n<\/div>\n[vc_custom_heading text_color=&#8221;color-xsdn&#8221; heading_semantic=&#8221;div&#8221; text_size=&#8221;h4&#8243; text_weight=&#8221;200&#8243; uncode_shortcode_id=&#8221;924535&#8243; text_color_type=&#8221;uncode-palette&#8221;]<mark>O cl\u00e1ssico sabor do encontro com os amigos!<\/mark>[\/vc_custom_heading][\/vc_column_inner][\/vc_row_inner][vc_empty_space empty_h=&#8221;5&#8243;][vc_column_text text_lead=&#8221;yes&#8221; css_animation=&#8221;bottom-t-top&#8221; uncode_shortcode_id=&#8221;528268&#8243;]<\/p>\n<h3>Sou+, muito mais que um Studio, um novo estilo de vida e agora <mark>um novo sabor de hamb\u00farguer tamb\u00e9m!<\/mark><\/h3>\n<p>[\/vc_column_text][vc_empty_space empty_h=&#8221;3&#8243;][\/vc_column][\/vc_row]<\/p>\n","protected":false},"excerpt":{"rendered":"<p>[vc_row row_height_percent=&#8221;90&#8243; back_image=&#8221;85524&#8243; overlay_color=&#8221;color-e28000&#8243; overlay_alpha=&#8221;90&#8243; gutter_size=&#8221;3&#8243; column_width_percent=&#8221;100&#8243; shift_y=&#8221;0&#8243; z_index=&#8221;0&#8243; uncode_shortcode_id=&#8221;151395&#8243; overlay_color_type=&#8221;uncode-palette&#8221;][vc_column column_width_percent=&#8221;100&#8243; position_vertical=&#8221;middle&#8221; align_horizontal=&#8221;align_center&#8221; gutter_size=&#8221;3&#8243; style=&#8221;dark&#8221; overlay_alpha=&#8221;50&#8243; shift_x=&#8221;0&#8243; shift_y=&#8221;0&#8243; shift_y_down=&#8221;0&#8243; [&hellip;]<\/p>\n","protected":false},"author":1,"featured_media":85568,"parent":0,"menu_order":0,"comment_status":"closed","ping_status":"closed","template":"","meta":{"_acf_changed":false,"footnotes":""},"class_list":["post-85744","page","type-page","status-publish","has-post-thumbnail","hentry"],"acf":[],"yoast_head":"<!-- This site is optimized with the Yoast SEO plugin v27.5 - https:\/\/yoast.com\/product\/yoast-seo-wordpress\/ -->\n<title>Oh! Burger - Sou+<\/title>\n<meta name=\"robots\" content=\"index, follow, max-snippet:-1, max-image-preview:large, max-video-preview:-1\" \/>\n<link rel=\"canonical\" href=\"https:\/\/habitaresa.com.br\/empreendimentos\/soumais\/oh-burger\/\" \/>\n<meta property=\"og:locale\" content=\"pt_BR\" \/>\n<meta property=\"og:type\" content=\"article\" \/>\n<meta property=\"og:title\" content=\"Oh! Burger - Sou+\" \/>\n<meta property=\"og:description\" content=\"[vc_row row_height_percent=&#8221;90&#8243; back_image=&#8221;85524&#8243; overlay_color=&#8221;color-e28000&#8243; overlay_alpha=&#8221;90&#8243; gutter_size=&#8221;3&#8243; column_width_percent=&#8221;100&#8243; shift_y=&#8221;0&#8243; z_index=&#8221;0&#8243; uncode_shortcode_id=&#8221;151395&#8243; overlay_color_type=&#8221;uncode-palette&#8221;][vc_column column_width_percent=&#8221;100&#8243; position_vertical=&#8221;middle&#8221; align_horizontal=&#8221;align_center&#8221; gutter_size=&#8221;3&#8243; style=&#8221;dark&#8221; overlay_alpha=&#8221;50&#8243; shift_x=&#8221;0&#8243; shift_y=&#8221;0&#8243; shift_y_down=&#8221;0&#8243; [&hellip;]\" \/>\n<meta property=\"og:url\" content=\"https:\/\/habitaresa.com.br\/empreendimentos\/soumais\/oh-burger\/\" \/>\n<meta property=\"og:site_name\" content=\"Sou+\" \/>\n<meta property=\"article:modified_time\" content=\"2022-05-17T16:44:17+00:00\" \/>\n<meta property=\"og:image\" content=\"https:\/\/habitaresa.com.br\/empreendimentos\/soumais\/wp-content\/uploads\/2021\/04\/capa-e-book-sou-mais.jpg\" \/>\n\t<meta property=\"og:image:width\" content=\"175\" \/>\n\t<meta property=\"og:image:height\" content=\"175\" \/>\n\t<meta property=\"og:image:type\" content=\"image\/jpeg\" \/>\n<meta name=\"twitter:card\" content=\"summary_large_image\" \/>\n<meta name=\"twitter:label1\" content=\"Est. tempo de leitura\" \/>\n\t<meta name=\"twitter:data1\" content=\"2 minutos\" \/>\n<script type=\"application\/ld+json\" class=\"yoast-schema-graph\">{\"@context\":\"https:\\\/\\\/schema.org\",\"@graph\":[{\"@type\":\"WebPage\",\"@id\":\"https:\\\/\\\/habitaresa.com.br\\\/empreendimentos\\\/soumais\\\/oh-burger\\\/\",\"url\":\"https:\\\/\\\/habitaresa.com.br\\\/empreendimentos\\\/soumais\\\/oh-burger\\\/\",\"name\":\"Oh! Burger - Sou+\",\"isPartOf\":{\"@id\":\"https:\\\/\\\/habitaresa.com.br\\\/empreendimentos\\\/soumais\\\/#website\"},\"primaryImageOfPage\":{\"@id\":\"https:\\\/\\\/habitaresa.com.br\\\/empreendimentos\\\/soumais\\\/oh-burger\\\/#primaryimage\"},\"image\":{\"@id\":\"https:\\\/\\\/habitaresa.com.br\\\/empreendimentos\\\/soumais\\\/oh-burger\\\/#primaryimage\"},\"thumbnailUrl\":\"https:\\\/\\\/habitaresa.com.br\\\/empreendimentos\\\/soumais\\\/wp-content\\\/uploads\\\/2021\\\/04\\\/capa-e-book-sou-mais.jpg\",\"datePublished\":\"2022-05-12T18:59:21+00:00\",\"dateModified\":\"2022-05-17T16:44:17+00:00\",\"breadcrumb\":{\"@id\":\"https:\\\/\\\/habitaresa.com.br\\\/empreendimentos\\\/soumais\\\/oh-burger\\\/#breadcrumb\"},\"inLanguage\":\"pt-BR\",\"potentialAction\":[{\"@type\":\"ReadAction\",\"target\":[\"https:\\\/\\\/habitaresa.com.br\\\/empreendimentos\\\/soumais\\\/oh-burger\\\/\"]}]},{\"@type\":\"ImageObject\",\"inLanguage\":\"pt-BR\",\"@id\":\"https:\\\/\\\/habitaresa.com.br\\\/empreendimentos\\\/soumais\\\/oh-burger\\\/#primaryimage\",\"url\":\"https:\\\/\\\/habitaresa.com.br\\\/empreendimentos\\\/soumais\\\/wp-content\\\/uploads\\\/2021\\\/04\\\/capa-e-book-sou-mais.jpg\",\"contentUrl\":\"https:\\\/\\\/habitaresa.com.br\\\/empreendimentos\\\/soumais\\\/wp-content\\\/uploads\\\/2021\\\/04\\\/capa-e-book-sou-mais.jpg\",\"width\":175,\"height\":175},{\"@type\":\"BreadcrumbList\",\"@id\":\"https:\\\/\\\/habitaresa.com.br\\\/empreendimentos\\\/soumais\\\/oh-burger\\\/#breadcrumb\",\"itemListElement\":[{\"@type\":\"ListItem\",\"position\":1,\"name\":\"In\u00edcio\",\"item\":\"https:\\\/\\\/habitaresa.com.br\\\/empreendimentos\\\/soumais\\\/\"},{\"@type\":\"ListItem\",\"position\":2,\"name\":\"Oh! Burger\"}]},{\"@type\":\"WebSite\",\"@id\":\"https:\\\/\\\/habitaresa.com.br\\\/empreendimentos\\\/soumais\\\/#website\",\"url\":\"https:\\\/\\\/habitaresa.com.br\\\/empreendimentos\\\/soumais\\\/\",\"name\":\"Sou+\",\"description\":\"Icara\u00ed\",\"potentialAction\":[{\"@type\":\"SearchAction\",\"target\":{\"@type\":\"EntryPoint\",\"urlTemplate\":\"https:\\\/\\\/habitaresa.com.br\\\/empreendimentos\\\/soumais\\\/?s={search_term_string}\"},\"query-input\":{\"@type\":\"PropertyValueSpecification\",\"valueRequired\":true,\"valueName\":\"search_term_string\"}}],\"inLanguage\":\"pt-BR\"}]}<\/script>\n<!-- \/ Yoast SEO plugin. -->","yoast_head_json":{"title":"Oh! Burger - Sou+","robots":{"index":"index","follow":"follow","max-snippet":"max-snippet:-1","max-image-preview":"max-image-preview:large","max-video-preview":"max-video-preview:-1"},"canonical":"https:\/\/habitaresa.com.br\/empreendimentos\/soumais\/oh-burger\/","og_locale":"pt_BR","og_type":"article","og_title":"Oh! Burger - Sou+","og_description":"[vc_row row_height_percent=&#8221;90&#8243; back_image=&#8221;85524&#8243; overlay_color=&#8221;color-e28000&#8243; overlay_alpha=&#8221;90&#8243; gutter_size=&#8221;3&#8243; column_width_percent=&#8221;100&#8243; shift_y=&#8221;0&#8243; z_index=&#8221;0&#8243; uncode_shortcode_id=&#8221;151395&#8243; overlay_color_type=&#8221;uncode-palette&#8221;][vc_column column_width_percent=&#8221;100&#8243; position_vertical=&#8221;middle&#8221; align_horizontal=&#8221;align_center&#8221; gutter_size=&#8221;3&#8243; style=&#8221;dark&#8221; overlay_alpha=&#8221;50&#8243; shift_x=&#8221;0&#8243; shift_y=&#8221;0&#8243; shift_y_down=&#8221;0&#8243; [&hellip;]","og_url":"https:\/\/habitaresa.com.br\/empreendimentos\/soumais\/oh-burger\/","og_site_name":"Sou+","article_modified_time":"2022-05-17T16:44:17+00:00","og_image":[{"width":175,"height":175,"url":"https:\/\/habitaresa.com.br\/empreendimentos\/soumais\/wp-content\/uploads\/2021\/04\/capa-e-book-sou-mais.jpg","type":"image\/jpeg"}],"twitter_card":"summary_large_image","twitter_misc":{"Est. tempo de leitura":"2 minutos"},"schema":{"@context":"https:\/\/schema.org","@graph":[{"@type":"WebPage","@id":"https:\/\/habitaresa.com.br\/empreendimentos\/soumais\/oh-burger\/","url":"https:\/\/habitaresa.com.br\/empreendimentos\/soumais\/oh-burger\/","name":"Oh! Burger - Sou+","isPartOf":{"@id":"https:\/\/habitaresa.com.br\/empreendimentos\/soumais\/#website"},"primaryImageOfPage":{"@id":"https:\/\/habitaresa.com.br\/empreendimentos\/soumais\/oh-burger\/#primaryimage"},"image":{"@id":"https:\/\/habitaresa.com.br\/empreendimentos\/soumais\/oh-burger\/#primaryimage"},"thumbnailUrl":"https:\/\/habitaresa.com.br\/empreendimentos\/soumais\/wp-content\/uploads\/2021\/04\/capa-e-book-sou-mais.jpg","datePublished":"2022-05-12T18:59:21+00:00","dateModified":"2022-05-17T16:44:17+00:00","breadcrumb":{"@id":"https:\/\/habitaresa.com.br\/empreendimentos\/soumais\/oh-burger\/#breadcrumb"},"inLanguage":"pt-BR","potentialAction":[{"@type":"ReadAction","target":["https:\/\/habitaresa.com.br\/empreendimentos\/soumais\/oh-burger\/"]}]},{"@type":"ImageObject","inLanguage":"pt-BR","@id":"https:\/\/habitaresa.com.br\/empreendimentos\/soumais\/oh-burger\/#primaryimage","url":"https:\/\/habitaresa.com.br\/empreendimentos\/soumais\/wp-content\/uploads\/2021\/04\/capa-e-book-sou-mais.jpg","contentUrl":"https:\/\/habitaresa.com.br\/empreendimentos\/soumais\/wp-content\/uploads\/2021\/04\/capa-e-book-sou-mais.jpg","width":175,"height":175},{"@type":"BreadcrumbList","@id":"https:\/\/habitaresa.com.br\/empreendimentos\/soumais\/oh-burger\/#breadcrumb","itemListElement":[{"@type":"ListItem","position":1,"name":"In\u00edcio","item":"https:\/\/habitaresa.com.br\/empreendimentos\/soumais\/"},{"@type":"ListItem","position":2,"name":"Oh! Burger"}]},{"@type":"WebSite","@id":"https:\/\/habitaresa.com.br\/empreendimentos\/soumais\/#website","url":"https:\/\/habitaresa.com.br\/empreendimentos\/soumais\/","name":"Sou+","description":"Icara\u00ed","potentialAction":[{"@type":"SearchAction","target":{"@type":"EntryPoint","urlTemplate":"https:\/\/habitaresa.com.br\/empreendimentos\/soumais\/?s={search_term_string}"},"query-input":{"@type":"PropertyValueSpecification","valueRequired":true,"valueName":"search_term_string"}}],"inLanguage":"pt-BR"}]}},"_links":{"self":[{"href":"https:\/\/habitaresa.com.br\/empreendimentos\/soumais\/wp-json\/wp\/v2\/pages\/85744","targetHints":{"allow":["GET"]}}],"collection":[{"href":"https:\/\/habitaresa.com.br\/empreendimentos\/soumais\/wp-json\/wp\/v2\/pages"}],"about":[{"href":"https:\/\/habitaresa.com.br\/empreendimentos\/soumais\/wp-json\/wp\/v2\/types\/page"}],"author":[{"embeddable":true,"href":"https:\/\/habitaresa.com.br\/empreendimentos\/soumais\/wp-json\/wp\/v2\/users\/1"}],"replies":[{"embeddable":true,"href":"https:\/\/habitaresa.com.br\/empreendimentos\/soumais\/wp-json\/wp\/v2\/comments?post=85744"}],"version-history":[{"count":74,"href":"https:\/\/habitaresa.com.br\/empreendimentos\/soumais\/wp-json\/wp\/v2\/pages\/85744\/revisions"}],"predecessor-version":[{"id":85872,"href":"https:\/\/habitaresa.com.br\/empreendimentos\/soumais\/wp-json\/wp\/v2\/pages\/85744\/revisions\/85872"}],"wp:featuredmedia":[{"embeddable":true,"href":"https:\/\/habitaresa.com.br\/empreendimentos\/soumais\/wp-json\/wp\/v2\/media\/85568"}],"wp:attachment":[{"href":"https:\/\/habitaresa.com.br\/empreendimentos\/soumais\/wp-json\/wp\/v2\/media?parent=85744"}],"curies":[{"name":"wp","href":"https:\/\/api.w.org\/{rel}","templated":true}]}}